{"id":306,"date":"2026-02-14T20:40:54","date_gmt":"2026-02-14T23:40:54","guid":{"rendered":"https:\/\/disciplinaparacumprir.com.br\/?page_id=306"},"modified":"2026-04-10T09:26:29","modified_gmt":"2026-04-10T12:26:29","slug":"sobre","status":"publish","type":"page","link":"https:\/\/disciplinaparacumprir.com.br\/index.php\/sobre\/","title":{"rendered":"Sobre"},"content":{"rendered":"<p data-start=\"1829\" data-end=\"2053\">O <strong data-start=\"1831\" data-end=\"1858\">Disciplina para Cumprir<\/strong> \u00e9 um blog de educa\u00e7\u00e3o financeira criado com o objetivo de ajudar pessoas a desenvolverem uma rela\u00e7\u00e3o mais saud\u00e1vel com o dinheiro, aprenderem a investir e organizarem melhor sua vida financeira.<\/p>\n<p data-start=\"2055\" data-end=\"2275\">O conte\u00fado \u00e9 produzido por um criador independente apaixonado por finan\u00e7as pessoais, investimentos e desenvolvimento financeiro, que estuda continuamente o mercado e compartilha aprendizados de forma simples e acess\u00edvel.<\/p>\n<p>Nosso compromisso \u00e9 oferecer informa\u00e7\u00f5es educativas, baseadas em estudos, boas pr\u00e1ticas do mercado e experi\u00eancias reais.<\/p>\n<p data-start=\"2567\" data-end=\"2790\"><strong data-start=\"2567\" data-end=\"2583\">Aviso legal:<\/strong> As informa\u00e7\u00f5es disponibilizadas neste site t\u00eam car\u00e1ter exclusivamente educativo e n\u00e3o constituem recomenda\u00e7\u00f5es de investimento. N\u00e3o nos responsabilizamos por decis\u00f5es tomadas com base no conte\u00fado publicado.<\/p>\n<p data-start=\"2792\" data-end=\"2933\">O blog pode ser monetizado por meio de an\u00fancios e links de afiliados, o que ajuda a manter o projeto ativo sem custo adicional para o leitor. Como participante do Programa de Associados da Amazon, sou remunerado pelas compras qualificadas efetuadas.<\/p>\n","protected":false},"excerpt":{"rendered":"<p>O Disciplina para Cumprir \u00e9 um blog de educa\u00e7\u00e3o financeira criado com o objetivo de ajudar pessoas a desenvolverem uma [&hellip;]<\/p>\n","protected":false},"author":1,"featured_media":0,"parent":0,"menu_order":0,"comment_status":"closed","ping_status":"closed","template":"","meta":{"inline_featured_image":false,"site-sidebar-layout":"default","site-content-layout":"","ast-site-content-layout":"default","site-content-style":"default","site-sidebar-style":"default","ast-global-header-display":"","ast-banner-title-visibility":"","ast-main-header-display":"","ast-hfb-above-header-display":"","ast-hfb-below-header-display":"","ast-hfb-mobile-header-display":"","site-post-title":"","ast-breadcrumbs-content":"","ast-featured-img":"","footer-sml-layout":"","theme-transparent-header-meta":"default","adv-header-id-meta":"","stick-header-meta":"","header-above-stick-meta":"","header-main-stick-meta":"","header-below-stick-meta":"","astra-migrate-meta-layouts":"set","ast-page-background-enabled":"default","ast-page-background-meta":{"desktop":{"background-color":"var(--ast-global-color-4)","background-image":"","background-repeat":"repeat","background-position":"center center","background-size":"auto","background-attachment":"scroll","background-type":"","background-media":"","overlay-type":"","overlay-color":"","overlay-gradient":""},"tablet":{"background-color":"","background-image":"","background-repeat":"repeat","background-position":"center center","background-size":"auto","background-attachment":"scroll","background-type":"","background-media":"","overlay-type":"","overlay-color":"","overlay-gradient":""},"mobile":{"background-color":"","background-image":"","background-repeat":"repeat","background-position":"center center","background-size":"auto","background-attachment":"scroll","background-type":"","background-media":"","overlay-type":"","overlay-color":"","overlay-gradient":""}},"ast-content-background-meta":{"desktop":{"background-color":"var(--ast-global-color-5)","background-image":"","background-repeat":"repeat","background-position":"center center","background-size":"auto","background-attachment":"scroll","background-type":"","background-media":"","overlay-type":"","overlay-color":"","overlay-gradient":""},"tablet":{"background-color":"var(--ast-global-color-5)","background-image":"","background-repeat":"repeat","background-position":"center center","background-size":"auto","background-attachment":"scroll","background-type":"","background-media":"","overlay-type":"","overlay-color":"","overlay-gradient":""},"mobile":{"background-color":"var(--ast-global-color-5)","background-image":"","background-repeat":"repeat","background-position":"center center","background-size":"auto","background-attachment":"scroll","background-type":"","background-media":"","overlay-type":"","overlay-color":"","overlay-gradient":""}},"footnotes":""},"class_list":["post-306","page","type-page","status-publish","hentry"],"yoast_head":"<!-- This site is optimized with the Yoast SEO plugin v22.1 - https:\/\/yoast.com\/wordpress\/plugins\/seo\/ -->\n<title>Sobre -<\/title>\n<meta name=\"robots\" content=\"index, follow, max-snippet:-1, max-image-preview:large, max-video-preview:-1\" \/>\n<link rel=\"canonical\" href=\"https:\/\/disciplinaparacumprir.com.br\/index.php\/sobre\/\" \/>\n<meta property=\"og:locale\" content=\"pt_BR\" \/>\n<meta property=\"og:type\" content=\"article\" \/>\n<meta property=\"og:title\" content=\"Sobre -\" \/>\n<meta property=\"og:description\" content=\"O Disciplina para Cumprir \u00e9 um blog de educa\u00e7\u00e3o financeira criado com o objetivo de ajudar pessoas a desenvolverem uma [&hellip;]\" \/>\n<meta property=\"og:url\" content=\"https:\/\/disciplinaparacumprir.com.br\/index.php\/sobre\/\" \/>\n<meta property=\"article:modified_time\" content=\"2026-04-10T12:26:29+00:00\" \/>\n<meta name=\"twitter:card\" content=\"summary_large_image\" \/>\n<meta name=\"twitter:label1\" content=\"Est. tempo de leitura\" \/>\n\t<meta name=\"twitter:data1\" content=\"1 minuto\" \/>\n<script type=\"application\/ld+json\" class=\"yoast-schema-graph\">{\"@context\":\"https:\/\/schema.org\",\"@graph\":[{\"@type\":\"WebPage\",\"@id\":\"https:\/\/disciplinaparacumprir.com.br\/index.php\/sobre\/\",\"url\":\"https:\/\/disciplinaparacumprir.com.br\/index.php\/sobre\/\",\"name\":\"Sobre -\",\"isPartOf\":{\"@id\":\"https:\/\/disciplinaparacumprir.com.br\/#website\"},\"datePublished\":\"2026-02-14T23:40:54+00:00\",\"dateModified\":\"2026-04-10T12:26:29+00:00\",\"breadcrumb\":{\"@id\":\"https:\/\/disciplinaparacumprir.com.br\/index.php\/sobre\/#breadcrumb\"},\"inLanguage\":\"pt-BR\",\"potentialAction\":[{\"@type\":\"ReadAction\",\"target\":[\"https:\/\/disciplinaparacumprir.com.br\/index.php\/sobre\/\"]}]},{\"@type\":\"BreadcrumbList\",\"@id\":\"https:\/\/disciplinaparacumprir.com.br\/index.php\/sobre\/#breadcrumb\",\"itemListElement\":[{\"@type\":\"ListItem\",\"position\":1,\"name\":\"Home\",\"item\":\"https:\/\/disciplinaparacumprir.com.br\/\"},{\"@type\":\"ListItem\",\"position\":2,\"name\":\"Sobre\"}]},{\"@type\":\"WebSite\",\"@id\":\"https:\/\/disciplinaparacumprir.com.br\/#website\",\"url\":\"https:\/\/disciplinaparacumprir.com.br\/\",\"name\":\"\",\"description\":\"O seu blog de finan\u00e7as e investimentos.\",\"potentialAction\":[{\"@type\":\"SearchAction\",\"target\":{\"@type\":\"EntryPoint\",\"urlTemplate\":\"https:\/\/disciplinaparacumprir.com.br\/?s={search_term_string}\"},\"query-input\":\"required name=search_term_string\"}],\"inLanguage\":\"pt-BR\"}]}<\/script>\n<!-- \/ Yoast SEO plugin. -->","yoast_head_json":{"title":"Sobre -","robots":{"index":"index","follow":"follow","max-snippet":"max-snippet:-1","max-image-preview":"max-image-preview:large","max-video-preview":"max-video-preview:-1"},"canonical":"https:\/\/disciplinaparacumprir.com.br\/index.php\/sobre\/","og_locale":"pt_BR","og_type":"article","og_title":"Sobre -","og_description":"O Disciplina para Cumprir \u00e9 um blog de educa\u00e7\u00e3o financeira criado com o objetivo de ajudar pessoas a desenvolverem uma [&hellip;]","og_url":"https:\/\/disciplinaparacumprir.com.br\/index.php\/sobre\/","article_modified_time":"2026-04-10T12:26:29+00:00","twitter_card":"summary_large_image","twitter_misc":{"Est. tempo de leitura":"1 minuto"},"schema":{"@context":"https:\/\/schema.org","@graph":[{"@type":"WebPage","@id":"https:\/\/disciplinaparacumprir.com.br\/index.php\/sobre\/","url":"https:\/\/disciplinaparacumprir.com.br\/index.php\/sobre\/","name":"Sobre -","isPartOf":{"@id":"https:\/\/disciplinaparacumprir.com.br\/#website"},"datePublished":"2026-02-14T23:40:54+00:00","dateModified":"2026-04-10T12:26:29+00:00","breadcrumb":{"@id":"https:\/\/disciplinaparacumprir.com.br\/index.php\/sobre\/#breadcrumb"},"inLanguage":"pt-BR","potentialAction":[{"@type":"ReadAction","target":["https:\/\/disciplinaparacumprir.com.br\/index.php\/sobre\/"]}]},{"@type":"BreadcrumbList","@id":"https:\/\/disciplinaparacumprir.com.br\/index.php\/sobre\/#breadcrumb","itemListElement":[{"@type":"ListItem","position":1,"name":"Home","item":"https:\/\/disciplinaparacumprir.com.br\/"},{"@type":"ListItem","position":2,"name":"Sobre"}]},{"@type":"WebSite","@id":"https:\/\/disciplinaparacumprir.com.br\/#website","url":"https:\/\/disciplinaparacumprir.com.br\/","name":"","description":"O seu blog de finan\u00e7as e investimentos.","potentialAction":[{"@type":"SearchAction","target":{"@type":"EntryPoint","urlTemplate":"https:\/\/disciplinaparacumprir.com.br\/?s={search_term_string}"},"query-input":"required name=search_term_string"}],"inLanguage":"pt-BR"}]}},"_links":{"self":[{"href":"https:\/\/disciplinaparacumprir.com.br\/index.php\/wp-json\/wp\/v2\/pages\/306","targetHints":{"allow":["GET"]}}],"collection":[{"href":"https:\/\/disciplinaparacumprir.com.br\/index.php\/wp-json\/wp\/v2\/pages"}],"about":[{"href":"https:\/\/disciplinaparacumprir.com.br\/index.php\/wp-json\/wp\/v2\/types\/page"}],"author":[{"embeddable":true,"href":"https:\/\/disciplinaparacumprir.com.br\/index.php\/wp-json\/wp\/v2\/users\/1"}],"replies":[{"embeddable":true,"href":"https:\/\/disciplinaparacumprir.com.br\/index.php\/wp-json\/wp\/v2\/comments?post=306"}],"version-history":[{"count":2,"href":"https:\/\/disciplinaparacumprir.com.br\/index.php\/wp-json\/wp\/v2\/pages\/306\/revisions"}],"predecessor-version":[{"id":453,"href":"https:\/\/disciplinaparacumprir.com.br\/index.php\/wp-json\/wp\/v2\/pages\/306\/revisions\/453"}],"wp:attachment":[{"href":"https:\/\/disciplinaparacumprir.com.br\/index.php\/wp-json\/wp\/v2\/media?parent=306"}],"curies":[{"name":"wp","href":"https:\/\/api.w.org\/{rel}","templated":true}]}}